{"id":4390,"date":"2024-05-08T20:37:11","date_gmt":"2024-05-08T20:37:11","guid":{"rendered":"https:\/\/octopusinstitute.com\/?page_id=4390"},"modified":"2024-05-10T06:37:47","modified_gmt":"2024-05-10T06:37:47","slug":"our-vision","status":"publish","type":"page","link":"https:\/\/octopusinstitute.com\/cs\/our-vision\/","title":{"rendered":"Na\u0161e vize"},"content":{"rendered":"<p>V\u00edtejte v Octopus Institute for Hybrid Warfare Studies. Na\u0161\u00ed viz\u00ed je vytvo\u0159it budoucnost, kde budou hybridn\u00ed hrozby \u00fa\u010dinn\u011b identifikov\u00e1ny, pochopeny a pot\u00edr\u00e1ny, p\u0159i\u010dem\u017e bude zaji\u0161t\u011bna stabilita a bezpe\u010dnost Kosova i mimo n\u011bj.<\/p>\n\n\n\n<p><strong>V na\u0161\u00ed vizi:<\/strong><\/p>\n\n\n\n<p><strong>1. Kosovo prosperuje jako odoln\u00fd a bezpe\u010dn\u00fd n\u00e1rod:<\/strong> Zmoc\u0148ujeme tv\u016frce politik komplexn\u00ed anal\u00fdzou zalo\u017eenou na d\u016fkazech k pos\u00edlen\u00ed obrany Kosova proti hybridn\u00edm \u00fatok\u016fm. Pos\u00edlen\u00edm jeho pozice v oblasti n\u00e1rodn\u00ed bezpe\u010dnosti se sna\u017e\u00edme zajistit, aby Kosovo prosperovalo jako odoln\u00fd a bezpe\u010dn\u00fd n\u00e1rod.<\/p>\n\n\n\n<p><strong>2. Glob\u00e1ln\u00ed komunity spolupracuj\u00ed v boji proti hybridn\u00edm hrozb\u00e1m:<\/strong> Usilujeme o podporu mezin\u00e1rodn\u00ed spolupr\u00e1ce a sd\u00edlen\u00ed znalost\u00ed. Vybudov\u00e1n\u00edm jednotn\u00e9 fronty proti t\u011bmto vyv\u00edjej\u00edc\u00edm se v\u00fdzv\u00e1m, kter\u00e9 p\u0159esahuj\u00ed hranice, v\u011b\u0159\u00edme, \u017ee glob\u00e1ln\u00ed komunity mohou \u00fa\u010dinn\u011b bojovat proti hybridn\u00edm hrozb\u00e1m.<\/p>\n\n\n\n<p><strong>3. Pov\u011bdom\u00ed ve\u0159ejnosti posiluje proaktivn\u00ed obranu:<\/strong> Zvy\u0161ov\u00e1n\u00ed pov\u011bdom\u00ed ve\u0159ejnosti o nebezpe\u010d\u00edch hybridn\u00edch hrozeb je prvo\u0159ad\u00e9. Na\u0161\u00edm c\u00edlem je vychovat bd\u011bl\u00e9 ob\u010dany p\u0159ipraven\u00e9 identifikovat a hl\u00e1sit podez\u0159el\u00e9 aktivity, a t\u00edm pos\u00edlit proaktivn\u00ed obrann\u00e1 opat\u0159en\u00ed.<\/p>\n\n\n\n<p><strong>4. Pravda a transparentnost p\u0159eva\u017euj\u00ed nad dezinformacemi:<\/strong> V\u011b\u0159\u00edme v s\u00edlu p\u0159esn\u00fdch informac\u00ed v boji proti \u0161\u00ed\u0159en\u00ed nepravd a propagandy, kter\u00e9 jsou z\u00e1kladn\u00edmi kameny hybridn\u00ed v\u00e1lky. Prosazov\u00e1n\u00ed pravdy a transparentnosti je z\u00e1sadn\u00ed pro \u00fa\u010dinn\u00fd boj proti dezinformac\u00edm.<\/p>\n\n\n\n<p>V Octopus Institute for Hybrid Warfare Studies jsme odhodl\u00e1ni tuto vizi realizovat prost\u0159ednictv\u00edm p\u0159\u00edsn\u00e9ho v\u00fdzkumu, strategick\u00e9 anal\u00fdzy a proaktivn\u00edho zapojen\u00ed se z\u00fa\u010dastn\u011bn\u00fdmi stranami. Spole\u010dn\u011b m\u016f\u017eeme vybudovat bezpe\u010dn\u011bj\u0161\u00ed a bezpe\u010dn\u011bj\u0161\u00ed budoucnost pro Kosovo i mimo n\u011bj.<\/p>","protected":false},"excerpt":{"rendered":"<p>Welcome to the Octopus Institute for Hybrid Warfare Studies. Our vision is to create a future where hybrid threats are effectively identified, understood, and countered, safeguarding the stability and security of Kosovo and beyond. In our vision: 1. Kosovo Thrives as a Resilient and Secure Nation: We empower policymakers with comprehensive, evidence-based analysis to strengthen<\/p>","protected":false},"author":1,"featured_media":4287,"parent":0,"menu_order":0,"comment_status":"closed","ping_status":"closed","template":"","meta":{"footnotes":""},"class_list":["post-4390","page","type-page","status-publish","has-post-thumbnail"],"aioseo_notices":[],"yoast_head":"<!-- This site is optimized with the Yoast SEO Premium plugin v22.7 (Yoast SEO v27.4) - https:\/\/yoast.com\/product\/yoast-seo-premium-wordpress\/ -->\n<title>Our Vision - Octopus Institute<\/title>\n<meta name=\"robots\" content=\"index, follow, max-snippet:-1, max-image-preview:large, max-video-preview:-1\" \/>\n<link rel=\"canonical\" href=\"https:\/\/octopusinstitute.com\/cs\/our-vision\/\" \/>\n<meta property=\"og:locale\" content=\"cs_CZ\" \/>\n<meta property=\"og:type\" content=\"article\" \/>\n<meta property=\"og:title\" content=\"Our Vision\" \/>\n<meta property=\"og:description\" content=\"Welcome to the Octopus Institute for Hybrid Warfare Studies. Our vision is to create a future where hybrid threats are effectively identified, understood, and countered, safeguarding the stability and security of Kosovo and beyond. In our vision: 1. Kosovo Thrives as a Resilient and Secure Nation: We empower policymakers with comprehensive, evidence-based analysis to strengthen\" \/>\n<meta property=\"og:url\" content=\"https:\/\/octopusinstitute.com\/cs\/our-vision\/\" \/>\n<meta property=\"og:site_name\" content=\"Octopus Institute\" \/>\n<meta property=\"article:publisher\" content=\"https:\/\/www.facebook.com\/OctopusIns\" \/>\n<meta property=\"article:modified_time\" content=\"2024-05-10T06:37:47+00:00\" \/>\n<meta property=\"og:image\" content=\"https:\/\/octopusinstitute.com\/wp-content\/uploads\/2024\/05\/cybersecurity-concept-system-administrator-enhanc-2023-11-27-05-13-19-utc-scaled.jpg\" \/>\n\t<meta property=\"og:image:width\" content=\"2560\" \/>\n\t<meta property=\"og:image:height\" content=\"1707\" \/>\n\t<meta property=\"og:image:type\" content=\"image\/jpeg\" \/>\n<meta name=\"twitter:card\" content=\"summary_large_image\" \/>\n<meta name=\"twitter:site\" content=\"@iskhoctopus\" \/>\n<meta name=\"twitter:label1\" content=\"Odhadovan\u00e1 doba \u010dten\u00ed\" \/>\n\t<meta name=\"twitter:data1\" content=\"1 minuta\" \/>\n<script type=\"application\/ld+json\" class=\"yoast-schema-graph\">{\"@context\":\"https:\\\/\\\/schema.org\",\"@graph\":[{\"@type\":\"WebPage\",\"@id\":\"https:\\\/\\\/octopusinstitute.com\\\/our-vision\\\/\",\"url\":\"https:\\\/\\\/octopusinstitute.com\\\/our-vision\\\/\",\"name\":\"Our Vision - Octopus Institute\",\"isPartOf\":{\"@id\":\"https:\\\/\\\/octopusinstitute.com\\\/#website\"},\"primaryImageOfPage\":{\"@id\":\"https:\\\/\\\/octopusinstitute.com\\\/our-vision\\\/#primaryimage\"},\"image\":{\"@id\":\"https:\\\/\\\/octopusinstitute.com\\\/our-vision\\\/#primaryimage\"},\"thumbnailUrl\":\"https:\\\/\\\/octopusinstitute.com\\\/wp-content\\\/uploads\\\/2024\\\/05\\\/cybersecurity-concept-system-administrator-enhanc-2023-11-27-05-13-19-utc-scaled.jpg\",\"datePublished\":\"2024-05-08T20:37:11+00:00\",\"dateModified\":\"2024-05-10T06:37:47+00:00\",\"breadcrumb\":{\"@id\":\"https:\\\/\\\/octopusinstitute.com\\\/our-vision\\\/#breadcrumb\"},\"inLanguage\":\"cs\",\"potentialAction\":[{\"@type\":\"ReadAction\",\"target\":[\"https:\\\/\\\/octopusinstitute.com\\\/our-vision\\\/\"]}]},{\"@type\":\"ImageObject\",\"inLanguage\":\"cs\",\"@id\":\"https:\\\/\\\/octopusinstitute.com\\\/our-vision\\\/#primaryimage\",\"url\":\"https:\\\/\\\/octopusinstitute.com\\\/wp-content\\\/uploads\\\/2024\\\/05\\\/cybersecurity-concept-system-administrator-enhanc-2023-11-27-05-13-19-utc-scaled.jpg\",\"contentUrl\":\"https:\\\/\\\/octopusinstitute.com\\\/wp-content\\\/uploads\\\/2024\\\/05\\\/cybersecurity-concept-system-administrator-enhanc-2023-11-27-05-13-19-utc-scaled.jpg\",\"width\":2560,\"height\":1707,\"caption\":\"Cybersecurity Concept: System Administrator Enhancing Network Protection\"},{\"@type\":\"BreadcrumbList\",\"@id\":\"https:\\\/\\\/octopusinstitute.com\\\/our-vision\\\/#breadcrumb\",\"itemListElement\":[{\"@type\":\"ListItem\",\"position\":1,\"name\":\"Home\",\"item\":\"https:\\\/\\\/octopusinstitute.com\\\/\"},{\"@type\":\"ListItem\",\"position\":2,\"name\":\"Our Vision\"}]},{\"@type\":\"WebSite\",\"@id\":\"https:\\\/\\\/octopusinstitute.com\\\/#website\",\"url\":\"https:\\\/\\\/octopusinstitute.com\\\/\",\"name\":\"Octopus Institute\",\"description\":\"\",\"publisher\":{\"@id\":\"https:\\\/\\\/octopusinstitute.com\\\/#organization\"},\"potentialAction\":[{\"@type\":\"SearchAction\",\"target\":{\"@type\":\"EntryPoint\",\"urlTemplate\":\"https:\\\/\\\/octopusinstitute.com\\\/?s={search_term_string}\"},\"query-input\":{\"@type\":\"PropertyValueSpecification\",\"valueRequired\":true,\"valueName\":\"search_term_string\"}}],\"inLanguage\":\"cs\"},{\"@type\":\"Organization\",\"@id\":\"https:\\\/\\\/octopusinstitute.com\\\/#organization\",\"name\":\"Octopus Institute\",\"url\":\"https:\\\/\\\/octopusinstitute.com\\\/\",\"logo\":{\"@type\":\"ImageObject\",\"inLanguage\":\"cs\",\"@id\":\"https:\\\/\\\/octopusinstitute.com\\\/#\\\/schema\\\/logo\\\/image\\\/\",\"url\":\"https:\\\/\\\/octopusinstitute.com\\\/wp-content\\\/uploads\\\/2024\\\/05\\\/OCTOPUS.png\",\"contentUrl\":\"https:\\\/\\\/octopusinstitute.com\\\/wp-content\\\/uploads\\\/2024\\\/05\\\/OCTOPUS.png\",\"width\":680,\"height\":220,\"caption\":\"Octopus Institute\"},\"image\":{\"@id\":\"https:\\\/\\\/octopusinstitute.com\\\/#\\\/schema\\\/logo\\\/image\\\/\"},\"sameAs\":[\"https:\\\/\\\/www.facebook.com\\\/OctopusIns\",\"https:\\\/\\\/x.com\\\/iskhoctopus\"]}]}<\/script>\n<!-- \/ Yoast SEO Premium plugin. -->","yoast_head_json":{"title":"Our Vision - Octopus Institute","robots":{"index":"index","follow":"follow","max-snippet":"max-snippet:-1","max-image-preview":"max-image-preview:large","max-video-preview":"max-video-preview:-1"},"canonical":"https:\/\/octopusinstitute.com\/cs\/our-vision\/","og_locale":"cs_CZ","og_type":"article","og_title":"Our Vision","og_description":"Welcome to the Octopus Institute for Hybrid Warfare Studies. Our vision is to create a future where hybrid threats are effectively identified, understood, and countered, safeguarding the stability and security of Kosovo and beyond. In our vision: 1. Kosovo Thrives as a Resilient and Secure Nation: We empower policymakers with comprehensive, evidence-based analysis to strengthen","og_url":"https:\/\/octopusinstitute.com\/cs\/our-vision\/","og_site_name":"Octopus Institute","article_publisher":"https:\/\/www.facebook.com\/OctopusIns","article_modified_time":"2024-05-10T06:37:47+00:00","og_image":[{"width":2560,"height":1707,"url":"https:\/\/octopusinstitute.com\/wp-content\/uploads\/2024\/05\/cybersecurity-concept-system-administrator-enhanc-2023-11-27-05-13-19-utc-scaled.jpg","type":"image\/jpeg"}],"twitter_card":"summary_large_image","twitter_site":"@iskhoctopus","twitter_misc":{"Odhadovan\u00e1 doba \u010dten\u00ed":"1 minuta"},"schema":{"@context":"https:\/\/schema.org","@graph":[{"@type":"WebPage","@id":"https:\/\/octopusinstitute.com\/our-vision\/","url":"https:\/\/octopusinstitute.com\/our-vision\/","name":"Our Vision - Octopus Institute","isPartOf":{"@id":"https:\/\/octopusinstitute.com\/#website"},"primaryImageOfPage":{"@id":"https:\/\/octopusinstitute.com\/our-vision\/#primaryimage"},"image":{"@id":"https:\/\/octopusinstitute.com\/our-vision\/#primaryimage"},"thumbnailUrl":"https:\/\/octopusinstitute.com\/wp-content\/uploads\/2024\/05\/cybersecurity-concept-system-administrator-enhanc-2023-11-27-05-13-19-utc-scaled.jpg","datePublished":"2024-05-08T20:37:11+00:00","dateModified":"2024-05-10T06:37:47+00:00","breadcrumb":{"@id":"https:\/\/octopusinstitute.com\/our-vision\/#breadcrumb"},"inLanguage":"cs","potentialAction":[{"@type":"ReadAction","target":["https:\/\/octopusinstitute.com\/our-vision\/"]}]},{"@type":"ImageObject","inLanguage":"cs","@id":"https:\/\/octopusinstitute.com\/our-vision\/#primaryimage","url":"https:\/\/octopusinstitute.com\/wp-content\/uploads\/2024\/05\/cybersecurity-concept-system-administrator-enhanc-2023-11-27-05-13-19-utc-scaled.jpg","contentUrl":"https:\/\/octopusinstitute.com\/wp-content\/uploads\/2024\/05\/cybersecurity-concept-system-administrator-enhanc-2023-11-27-05-13-19-utc-scaled.jpg","width":2560,"height":1707,"caption":"Cybersecurity Concept: System Administrator Enhancing Network Protection"},{"@type":"BreadcrumbList","@id":"https:\/\/octopusinstitute.com\/our-vision\/#breadcrumb","itemListElement":[{"@type":"ListItem","position":1,"name":"Home","item":"https:\/\/octopusinstitute.com\/"},{"@type":"ListItem","position":2,"name":"Our Vision"}]},{"@type":"WebSite","@id":"https:\/\/octopusinstitute.com\/#website","url":"https:\/\/octopusinstitute.com\/","name":"Octopus Institute","description":"","publisher":{"@id":"https:\/\/octopusinstitute.com\/#organization"},"potentialAction":[{"@type":"SearchAction","target":{"@type":"EntryPoint","urlTemplate":"https:\/\/octopusinstitute.com\/?s={search_term_string}"},"query-input":{"@type":"PropertyValueSpecification","valueRequired":true,"valueName":"search_term_string"}}],"inLanguage":"cs"},{"@type":"Organization","@id":"https:\/\/octopusinstitute.com\/#organization","name":"Octopus Institute","url":"https:\/\/octopusinstitute.com\/","logo":{"@type":"ImageObject","inLanguage":"cs","@id":"https:\/\/octopusinstitute.com\/#\/schema\/logo\/image\/","url":"https:\/\/octopusinstitute.com\/wp-content\/uploads\/2024\/05\/OCTOPUS.png","contentUrl":"https:\/\/octopusinstitute.com\/wp-content\/uploads\/2024\/05\/OCTOPUS.png","width":680,"height":220,"caption":"Octopus Institute"},"image":{"@id":"https:\/\/octopusinstitute.com\/#\/schema\/logo\/image\/"},"sameAs":["https:\/\/www.facebook.com\/OctopusIns","https:\/\/x.com\/iskhoctopus"]}]}},"_hostinger_reach_plugin_has_subscription_block":false,"_hostinger_reach_plugin_is_elementor":false,"_links":{"self":[{"href":"https:\/\/octopusinstitute.com\/cs\/wp-json\/wp\/v2\/pages\/4390","targetHints":{"allow":["GET"]}}],"collection":[{"href":"https:\/\/octopusinstitute.com\/cs\/wp-json\/wp\/v2\/pages"}],"about":[{"href":"https:\/\/octopusinstitute.com\/cs\/wp-json\/wp\/v2\/types\/page"}],"author":[{"embeddable":true,"href":"https:\/\/octopusinstitute.com\/cs\/wp-json\/wp\/v2\/users\/1"}],"replies":[{"embeddable":true,"href":"https:\/\/octopusinstitute.com\/cs\/wp-json\/wp\/v2\/comments?post=4390"}],"version-history":[{"count":2,"href":"https:\/\/octopusinstitute.com\/cs\/wp-json\/wp\/v2\/pages\/4390\/revisions"}],"predecessor-version":[{"id":4777,"href":"https:\/\/octopusinstitute.com\/cs\/wp-json\/wp\/v2\/pages\/4390\/revisions\/4777"}],"wp:featuredmedia":[{"embeddable":true,"href":"https:\/\/octopusinstitute.com\/cs\/wp-json\/wp\/v2\/media\/4287"}],"wp:attachment":[{"href":"https:\/\/octopusinstitute.com\/cs\/wp-json\/wp\/v2\/media?parent=4390"}],"curies":[{"name":"wp","href":"https:\/\/api.w.org\/{rel}","templated":true}]}}