{"id":4390,"date":"2024-05-08T20:37:11","date_gmt":"2024-05-08T20:37:11","guid":{"rendered":"https:\/\/octopusinstitute.com\/?page_id=4390"},"modified":"2024-05-10T06:37:47","modified_gmt":"2024-05-10T06:37:47","slug":"our-vision","status":"publish","type":"page","link":"https:\/\/octopusinstitute.com\/it\/our-vision\/","title":{"rendered":"La nostra visione"},"content":{"rendered":"<p>Benvenuti all&#039;Octopus Institute for Hybrid Warfare Studies. La nostra visione \u00e8 quella di creare un futuro in cui le minacce ibride siano effettivamente identificate, comprese e contrastate, salvaguardando la stabilit\u00e0 e la sicurezza del Kosovo e oltre.<\/p>\n\n\n\n<p><strong>Nella nostra visione:<\/strong><\/p>\n\n\n\n<p><strong>1. Il Kosovo prospera come nazione resiliente e sicura:<\/strong> Diamo ai policy maker un\u2019analisi completa e basata sull\u2019evidenza per rafforzare le difese del Kosovo contro gli attacchi ibridi. Rafforzando la sua posizione di sicurezza nazionale, miriamo a garantire che il Kosovo prosperi come una nazione resiliente e sicura.<\/p>\n\n\n\n<p><strong>2. Le comunit\u00e0 globali collaborano per combattere le minacce ibride:<\/strong> Aspiriamo a promuovere la cooperazione internazionale e la condivisione delle conoscenze. Costruendo un fronte unito contro queste sfide in evoluzione che trascendono i confini, crediamo che le comunit\u00e0 globali possano combattere efficacemente le minacce ibride.<\/p>\n\n\n\n<p><strong>3. La consapevolezza pubblica rafforza la difesa proattiva:<\/strong> Sensibilizzare l\u2019opinione pubblica sui pericoli delle minacce ibride \u00e8 fondamentale. Il nostro obiettivo \u00e8 coltivare una cittadinanza vigile e pronta a identificare e segnalare attivit\u00e0 sospette, rafforzando cos\u00ec misure di difesa proattive.<\/p>\n\n\n\n<p><strong>4. Verit\u00e0 e trasparenza prevalgono sulla disinformazione:<\/strong> Crediamo nel potere di un\u2019informazione accurata per combattere la diffusione di falsit\u00e0 e propaganda, che sono i pilastri della guerra ibrida. Sostenere la verit\u00e0 e la trasparenza \u00e8 essenziale per contrastare efficacemente la disinformazione.<\/p>\n\n\n\n<p>All\u2019Octopus Institute for Hybrid Warfare Studies, ci impegniamo a realizzare questa visione attraverso una ricerca rigorosa, un\u2019analisi strategica e un impegno proattivo con le parti interessate. Insieme possiamo costruire un futuro pi\u00f9 sicuro per il Kosovo e oltre.<\/p>","protected":false},"excerpt":{"rendered":"<p>Welcome to the Octopus Institute for Hybrid Warfare Studies. Our vision is to create a future where hybrid threats are effectively identified, understood, and countered, safeguarding the stability and security of Kosovo and beyond. In our vision: 1. Kosovo Thrives as a Resilient and Secure Nation: We empower policymakers with comprehensive, evidence-based analysis to strengthen<\/p>","protected":false},"author":1,"featured_media":4287,"parent":0,"menu_order":0,"comment_status":"closed","ping_status":"closed","template":"","meta":{"footnotes":""},"class_list":["post-4390","page","type-page","status-publish","has-post-thumbnail"],"aioseo_notices":[],"yoast_head":"<!-- This site is optimized with the Yoast SEO Premium plugin v22.7 (Yoast SEO v27.4) - https:\/\/yoast.com\/product\/yoast-seo-premium-wordpress\/ -->\n<title>Our Vision - Octopus Institute<\/title>\n<meta name=\"robots\" content=\"index, follow, max-snippet:-1, max-image-preview:large, max-video-preview:-1\" \/>\n<link rel=\"canonical\" href=\"https:\/\/octopusinstitute.com\/it\/our-vision\/\" \/>\n<meta property=\"og:locale\" content=\"it_IT\" \/>\n<meta property=\"og:type\" content=\"article\" \/>\n<meta property=\"og:title\" content=\"Our Vision\" \/>\n<meta property=\"og:description\" content=\"Welcome to the Octopus Institute for Hybrid Warfare Studies. Our vision is to create a future where hybrid threats are effectively identified, understood, and countered, safeguarding the stability and security of Kosovo and beyond. In our vision: 1. Kosovo Thrives as a Resilient and Secure Nation: We empower policymakers with comprehensive, evidence-based analysis to strengthen\" \/>\n<meta property=\"og:url\" content=\"https:\/\/octopusinstitute.com\/it\/our-vision\/\" \/>\n<meta property=\"og:site_name\" content=\"Octopus Institute\" \/>\n<meta property=\"article:publisher\" content=\"https:\/\/www.facebook.com\/OctopusIns\" \/>\n<meta property=\"article:modified_time\" content=\"2024-05-10T06:37:47+00:00\" \/>\n<meta property=\"og:image\" content=\"https:\/\/octopusinstitute.com\/wp-content\/uploads\/2024\/05\/cybersecurity-concept-system-administrator-enhanc-2023-11-27-05-13-19-utc-scaled.jpg\" \/>\n\t<meta property=\"og:image:width\" content=\"2560\" \/>\n\t<meta property=\"og:image:height\" content=\"1707\" \/>\n\t<meta property=\"og:image:type\" content=\"image\/jpeg\" \/>\n<meta name=\"twitter:card\" content=\"summary_large_image\" \/>\n<meta name=\"twitter:site\" content=\"@iskhoctopus\" \/>\n<meta name=\"twitter:label1\" content=\"Tempo di lettura stimato\" \/>\n\t<meta name=\"twitter:data1\" content=\"1 minuto\" \/>\n<script type=\"application\/ld+json\" class=\"yoast-schema-graph\">{\"@context\":\"https:\\\/\\\/schema.org\",\"@graph\":[{\"@type\":\"WebPage\",\"@id\":\"https:\\\/\\\/octopusinstitute.com\\\/our-vision\\\/\",\"url\":\"https:\\\/\\\/octopusinstitute.com\\\/our-vision\\\/\",\"name\":\"Our Vision - Octopus Institute\",\"isPartOf\":{\"@id\":\"https:\\\/\\\/octopusinstitute.com\\\/#website\"},\"primaryImageOfPage\":{\"@id\":\"https:\\\/\\\/octopusinstitute.com\\\/our-vision\\\/#primaryimage\"},\"image\":{\"@id\":\"https:\\\/\\\/octopusinstitute.com\\\/our-vision\\\/#primaryimage\"},\"thumbnailUrl\":\"https:\\\/\\\/octopusinstitute.com\\\/wp-content\\\/uploads\\\/2024\\\/05\\\/cybersecurity-concept-system-administrator-enhanc-2023-11-27-05-13-19-utc-scaled.jpg\",\"datePublished\":\"2024-05-08T20:37:11+00:00\",\"dateModified\":\"2024-05-10T06:37:47+00:00\",\"breadcrumb\":{\"@id\":\"https:\\\/\\\/octopusinstitute.com\\\/our-vision\\\/#breadcrumb\"},\"inLanguage\":\"it-IT\",\"potentialAction\":[{\"@type\":\"ReadAction\",\"target\":[\"https:\\\/\\\/octopusinstitute.com\\\/our-vision\\\/\"]}]},{\"@type\":\"ImageObject\",\"inLanguage\":\"it-IT\",\"@id\":\"https:\\\/\\\/octopusinstitute.com\\\/our-vision\\\/#primaryimage\",\"url\":\"https:\\\/\\\/octopusinstitute.com\\\/wp-content\\\/uploads\\\/2024\\\/05\\\/cybersecurity-concept-system-administrator-enhanc-2023-11-27-05-13-19-utc-scaled.jpg\",\"contentUrl\":\"https:\\\/\\\/octopusinstitute.com\\\/wp-content\\\/uploads\\\/2024\\\/05\\\/cybersecurity-concept-system-administrator-enhanc-2023-11-27-05-13-19-utc-scaled.jpg\",\"width\":2560,\"height\":1707,\"caption\":\"Cybersecurity Concept: System Administrator Enhancing Network Protection\"},{\"@type\":\"BreadcrumbList\",\"@id\":\"https:\\\/\\\/octopusinstitute.com\\\/our-vision\\\/#breadcrumb\",\"itemListElement\":[{\"@type\":\"ListItem\",\"position\":1,\"name\":\"Home\",\"item\":\"https:\\\/\\\/octopusinstitute.com\\\/\"},{\"@type\":\"ListItem\",\"position\":2,\"name\":\"Our Vision\"}]},{\"@type\":\"WebSite\",\"@id\":\"https:\\\/\\\/octopusinstitute.com\\\/#website\",\"url\":\"https:\\\/\\\/octopusinstitute.com\\\/\",\"name\":\"Octopus Institute\",\"description\":\"\",\"publisher\":{\"@id\":\"https:\\\/\\\/octopusinstitute.com\\\/#organization\"},\"potentialAction\":[{\"@type\":\"SearchAction\",\"target\":{\"@type\":\"EntryPoint\",\"urlTemplate\":\"https:\\\/\\\/octopusinstitute.com\\\/?s={search_term_string}\"},\"query-input\":{\"@type\":\"PropertyValueSpecification\",\"valueRequired\":true,\"valueName\":\"search_term_string\"}}],\"inLanguage\":\"it-IT\"},{\"@type\":\"Organization\",\"@id\":\"https:\\\/\\\/octopusinstitute.com\\\/#organization\",\"name\":\"Octopus Institute\",\"url\":\"https:\\\/\\\/octopusinstitute.com\\\/\",\"logo\":{\"@type\":\"ImageObject\",\"inLanguage\":\"it-IT\",\"@id\":\"https:\\\/\\\/octopusinstitute.com\\\/#\\\/schema\\\/logo\\\/image\\\/\",\"url\":\"https:\\\/\\\/octopusinstitute.com\\\/wp-content\\\/uploads\\\/2024\\\/05\\\/OCTOPUS.png\",\"contentUrl\":\"https:\\\/\\\/octopusinstitute.com\\\/wp-content\\\/uploads\\\/2024\\\/05\\\/OCTOPUS.png\",\"width\":680,\"height\":220,\"caption\":\"Octopus Institute\"},\"image\":{\"@id\":\"https:\\\/\\\/octopusinstitute.com\\\/#\\\/schema\\\/logo\\\/image\\\/\"},\"sameAs\":[\"https:\\\/\\\/www.facebook.com\\\/OctopusIns\",\"https:\\\/\\\/x.com\\\/iskhoctopus\"]}]}<\/script>\n<!-- \/ Yoast SEO Premium plugin. -->","yoast_head_json":{"title":"Our Vision - Octopus Institute","robots":{"index":"index","follow":"follow","max-snippet":"max-snippet:-1","max-image-preview":"max-image-preview:large","max-video-preview":"max-video-preview:-1"},"canonical":"https:\/\/octopusinstitute.com\/it\/our-vision\/","og_locale":"it_IT","og_type":"article","og_title":"Our Vision","og_description":"Welcome to the Octopus Institute for Hybrid Warfare Studies. Our vision is to create a future where hybrid threats are effectively identified, understood, and countered, safeguarding the stability and security of Kosovo and beyond. In our vision: 1. Kosovo Thrives as a Resilient and Secure Nation: We empower policymakers with comprehensive, evidence-based analysis to strengthen","og_url":"https:\/\/octopusinstitute.com\/it\/our-vision\/","og_site_name":"Octopus Institute","article_publisher":"https:\/\/www.facebook.com\/OctopusIns","article_modified_time":"2024-05-10T06:37:47+00:00","og_image":[{"width":2560,"height":1707,"url":"https:\/\/octopusinstitute.com\/wp-content\/uploads\/2024\/05\/cybersecurity-concept-system-administrator-enhanc-2023-11-27-05-13-19-utc-scaled.jpg","type":"image\/jpeg"}],"twitter_card":"summary_large_image","twitter_site":"@iskhoctopus","twitter_misc":{"Tempo di lettura stimato":"1 minuto"},"schema":{"@context":"https:\/\/schema.org","@graph":[{"@type":"WebPage","@id":"https:\/\/octopusinstitute.com\/our-vision\/","url":"https:\/\/octopusinstitute.com\/our-vision\/","name":"Our Vision - Octopus Institute","isPartOf":{"@id":"https:\/\/octopusinstitute.com\/#website"},"primaryImageOfPage":{"@id":"https:\/\/octopusinstitute.com\/our-vision\/#primaryimage"},"image":{"@id":"https:\/\/octopusinstitute.com\/our-vision\/#primaryimage"},"thumbnailUrl":"https:\/\/octopusinstitute.com\/wp-content\/uploads\/2024\/05\/cybersecurity-concept-system-administrator-enhanc-2023-11-27-05-13-19-utc-scaled.jpg","datePublished":"2024-05-08T20:37:11+00:00","dateModified":"2024-05-10T06:37:47+00:00","breadcrumb":{"@id":"https:\/\/octopusinstitute.com\/our-vision\/#breadcrumb"},"inLanguage":"it-IT","potentialAction":[{"@type":"ReadAction","target":["https:\/\/octopusinstitute.com\/our-vision\/"]}]},{"@type":"ImageObject","inLanguage":"it-IT","@id":"https:\/\/octopusinstitute.com\/our-vision\/#primaryimage","url":"https:\/\/octopusinstitute.com\/wp-content\/uploads\/2024\/05\/cybersecurity-concept-system-administrator-enhanc-2023-11-27-05-13-19-utc-scaled.jpg","contentUrl":"https:\/\/octopusinstitute.com\/wp-content\/uploads\/2024\/05\/cybersecurity-concept-system-administrator-enhanc-2023-11-27-05-13-19-utc-scaled.jpg","width":2560,"height":1707,"caption":"Cybersecurity Concept: System Administrator Enhancing Network Protection"},{"@type":"BreadcrumbList","@id":"https:\/\/octopusinstitute.com\/our-vision\/#breadcrumb","itemListElement":[{"@type":"ListItem","position":1,"name":"Home","item":"https:\/\/octopusinstitute.com\/"},{"@type":"ListItem","position":2,"name":"Our Vision"}]},{"@type":"WebSite","@id":"https:\/\/octopusinstitute.com\/#website","url":"https:\/\/octopusinstitute.com\/","name":"Istituto del Polpo","description":"","publisher":{"@id":"https:\/\/octopusinstitute.com\/#organization"},"potentialAction":[{"@type":"SearchAction","target":{"@type":"EntryPoint","urlTemplate":"https:\/\/octopusinstitute.com\/?s={search_term_string}"},"query-input":{"@type":"PropertyValueSpecification","valueRequired":true,"valueName":"search_term_string"}}],"inLanguage":"it-IT"},{"@type":"Organization","@id":"https:\/\/octopusinstitute.com\/#organization","name":"Istituto del Polpo","url":"https:\/\/octopusinstitute.com\/","logo":{"@type":"ImageObject","inLanguage":"it-IT","@id":"https:\/\/octopusinstitute.com\/#\/schema\/logo\/image\/","url":"https:\/\/octopusinstitute.com\/wp-content\/uploads\/2024\/05\/OCTOPUS.png","contentUrl":"https:\/\/octopusinstitute.com\/wp-content\/uploads\/2024\/05\/OCTOPUS.png","width":680,"height":220,"caption":"Octopus Institute"},"image":{"@id":"https:\/\/octopusinstitute.com\/#\/schema\/logo\/image\/"},"sameAs":["https:\/\/www.facebook.com\/OctopusIns","https:\/\/x.com\/iskhoctopus"]}]}},"_hostinger_reach_plugin_has_subscription_block":false,"_hostinger_reach_plugin_is_elementor":false,"_links":{"self":[{"href":"https:\/\/octopusinstitute.com\/it\/wp-json\/wp\/v2\/pages\/4390","targetHints":{"allow":["GET"]}}],"collection":[{"href":"https:\/\/octopusinstitute.com\/it\/wp-json\/wp\/v2\/pages"}],"about":[{"href":"https:\/\/octopusinstitute.com\/it\/wp-json\/wp\/v2\/types\/page"}],"author":[{"embeddable":true,"href":"https:\/\/octopusinstitute.com\/it\/wp-json\/wp\/v2\/users\/1"}],"replies":[{"embeddable":true,"href":"https:\/\/octopusinstitute.com\/it\/wp-json\/wp\/v2\/comments?post=4390"}],"version-history":[{"count":2,"href":"https:\/\/octopusinstitute.com\/it\/wp-json\/wp\/v2\/pages\/4390\/revisions"}],"predecessor-version":[{"id":4777,"href":"https:\/\/octopusinstitute.com\/it\/wp-json\/wp\/v2\/pages\/4390\/revisions\/4777"}],"wp:featuredmedia":[{"embeddable":true,"href":"https:\/\/octopusinstitute.com\/it\/wp-json\/wp\/v2\/media\/4287"}],"wp:attachment":[{"href":"https:\/\/octopusinstitute.com\/it\/wp-json\/wp\/v2\/media?parent=4390"}],"curies":[{"name":"wp","href":"https:\/\/api.w.org\/{rel}","templated":true}]}}